{"id":14,"date":"2022-01-07T21:29:56","date_gmt":"2022-01-08T02:29:56","guid":{"rendered":"https:\/\/uoftorthopaedics.ca\/cosmec\/?page_id=14"},"modified":"2025-09-29T23:19:40","modified_gmt":"2025-09-30T03:19:40","slug":"register","status":"publish","type":"page","link":"https:\/\/uoftorthopaedics.ca\/cosmec\/register\/","title":{"rendered":"Register"},"content":{"rendered":"<div class=\"row\">\n<div class=\"col-sm-10 offset-sm-1\">\n<p class=\"intro\">The &#8220;Canadian Orthopaedic Surgery Medical Education Course&#8221; (COSMEC) is a virtual course that aims to enhance the education of medical and health professions trainees about common orthopaedic issues encountered in clinical settings.<\/p>\n<p>COSMEC is set to launch in <strong>January 2026 <\/strong>and will run until <strong>April 2026<\/strong>.\u00a0Session specific dates will be announced in the coming months.<\/p>\n<p>Registration is FREE and open to all medical students as well as health professions trainees. Priority will be given to Canadian medical students, in the event that we reach maximum capacity.<\/p>\n<p>Please fill the following form to complete your registration and secure your spot. You will receive access to the program, course handbook, recordings, and additional resources leading up to the launch of COSMEC. We encourage medical students to attend all six of the live virtual seminars. Junior residents and other health professions trainees are welcome to attend on a drop-in basis to the sessions most relevant to their training and future practice.<\/p>\n<p>The most up-to-date information will be available here, on our website. For more information, contact the COSMEC Committee at <a href=\"mailto:orthopaedics.admin@utoronto.ca\">orthopaedics.admin@utoronto.ca<\/a><\/p>\n<p class=\"mt-5\">        <form enctype=\"multipart\/form-data\" method=\"post\" id=\"wppb-register-user\" class=\"wppb-user-forms wppb-register-user wppb-user-logged-out\" action=\"https:\/\/uoftorthopaedics.ca\/cosmec\/wp-json\/wp\/v2\/pages\/14\">\n\t\t\t<ul><li class=\"wppb-form-field wppb-default-first-name pbpl-class\" id=\"wppb-form-element-3\">\n\t\t\t<label for=\"first_name\">First Name \/ Pr\u00e9nom<span class=\"wppb-required\" title=\"This field is required\">*<\/span><\/label>\n\t\t\t<input class=\"text-input default_field_firstname \" name=\"first_name\" maxlength=\"70\" type=\"text\" id=\"first_name\" value=\"\" placeholder = \"First Name \/ Pr\u00e9nom*\" \/><\/li><li class=\"wppb-form-field wppb-default-last-name pbpl-class\" id=\"wppb-form-element-4\">\n\t\t\t<label for=\"last_name\">Last Name \/ Nom de famille<span class=\"wppb-required\" title=\"This field is required\">*<\/span><\/label>\n\t\t\t<input class=\"text-input default_field_lastname \" name=\"last_name\" maxlength=\"70\" type=\"text\" id=\"last_name\" value=\"\" placeholder = \"Last Name \/ Nom de famille*\"\/><\/li><li class=\"wppb-form-field wppb-default-e-mail pbpl-class\" id=\"wppb-form-element-8\">\n\t\t\t<label for=\"email\">E-mail \/ Adresse courriel<span class=\"wppb-required\" title=\"This field is required\">*<\/span><\/label>\n\t\t\t<input class=\"text-input default_field_email \" name=\"email\" maxlength=\"70\" type=\"email\" id=\"email\" value=\"\" placeholder = \"E-mail \/ Adresse courriel*\"  \/><\/li><li class=\"wppb-form-field wppb-default-username pbpl-class\" id=\"wppb-form-element-2\">\n\t\t\t<label for=\"username\">Username \/ Nom d'utilisateur<span class=\"wppb-required\" title=\"This field is required\">*<\/span><\/label>\n\t\t\t<input class=\"text-input default_field_username \" name=\"username\" maxlength=\"70\" type=\"text\" id=\"username\" value=\"\"  placeholder = \"Username \/ Nom d&#039;utilisateur*\"\/><\/li><li class=\"wppb-form-field wppb-default-password pbpl-class\" id=\"wppb-form-element-12\"><div class=\"wppb-password-group\">\n\t\t\t\t<div class=\"wppb-password-subfield wppb-new-password-subfield\">\n\t\t\t\t\t<label for=\"passw1\">Password \/ Mot de passe<span class=\"wppb-required\" title=\"This field is required\">*<\/span><\/label>\n\t\t            <span class=\"wppb-password-field-container\">\n\t\t\t\t\t    <input class=\"text-input \" name=\"passw1\" maxlength=\"70\" type=\"password\" id=\"passw1\" value=\"\" autocomplete=\"off\" placeholder = \"Password \/ Mot de passe*\"\/>\n\t\t\t\t\t    \n            <button type=\"button\" class=\"wppb-toggle-pw wppb-show-pw hide-if-no-js\" data-toggle=\"0\" aria-label=\"Show password\" tabindex=\"-1\">\n                <img decoding=\"async\" src=\"https:\/\/uoftorthopaedics.ca\/cosmec\/wp-content\/plugins\/profile-builder\/\/assets\/images\/eye-outline.svg\" title=\"Show password\" width=\"20px\" height=\"20px\" \/>\n            <\/button> <!-- add the HTML for the visibility toggle -->\n\t\t\t\t\t<\/span>\n\t\t\t\t<\/div><\/div><span class=\"wppb-description-delimiter\"> <\/span><\/li><li class=\"wppb-form-field wppb-default-repeat-password pbpl-class\" id=\"wppb-form-element-13\">\n\t\t\t<label for=\"passw2\">Repeat Password \/ R\u00e9p\u00e9ter le mot de passe<span class=\"wppb-required\" title=\"This field is required\">*<\/span><\/label>\n\t\t\t<span class=\"wppb-password-field-container\">\n\t\t\t    <input class=\"text-input \" name=\"passw2\" maxlength=\"70\" type=\"password\" id=\"passw2\" value=\"\" autocomplete=\"off\" placeholder = \"Repeat Password \/ R\u00e9p\u00e9ter le mot de passe*\"\/>\n\t\t\t    \n            <button type=\"button\" class=\"wppb-toggle-pw wppb-show-pw hide-if-no-js\" data-toggle=\"0\" aria-label=\"Show password\" tabindex=\"-1\">\n                <img decoding=\"async\" src=\"https:\/\/uoftorthopaedics.ca\/cosmec\/wp-content\/plugins\/profile-builder\/\/assets\/images\/eye-outline.svg\" title=\"Show password\" width=\"20px\" height=\"20px\" \/>\n            <\/button> <!-- add the HTML for the visibility toggle -->\n\t\t\t<\/span><\/li><li class=\"wppb-form-field wppb-input pbpl-class\" id=\"wppb-form-element-19\">\n\t\t\t\t<label for=\"institution\">Institution<span class=\"wppb-required\" title=\"This field is required\">*<\/span><\/label>\n\t\t\t\t<input class=\"extra_field_input \" name=\"institution\" maxlength=\"250\" type=\"text\" id=\"institution\" value=\"\" placeholder = \"Institution*\"\/><span class=\"wppb-description-delimiter\">University, College, Hospital, etc. \/ Universit\u00e9, Coll\u00e8ge, H\u00f4pital, etc.<\/span><\/li><li class=\"wppb-form-field wppb-radio pbpl-class\" id=\"wppb-form-element-15\">\n\t\t\t\t<label for=\"iam\">I am... \/ Je suis...<span class=\"wppb-required\" title=\"This field is required\">*<\/span><\/label><ul class=\"wppb-radios\"><li><input value=\"Canadian Medical Student\" class=\"custom_field_radio \" id=\"canadian-medical-student_15\" name=\"iam\" type=\"radio\"   \/><label for=\"canadian-medical-student_15\" class=\"wppb-rc-value\">Canadian Medical Student \/ \u00c9tudiant en m\u00e9decine canadien<\/label><\/li><li><input value=\"International Medical Student\" class=\"custom_field_radio \" id=\"international-medical-student_15\" name=\"iam\" type=\"radio\"   \/><label for=\"international-medical-student_15\" class=\"wppb-rc-value\">International Medical Student \/ \u00c9tudiant en m\u00e9decine international<\/label><\/li><li><input value=\"Junior Resident\" class=\"custom_field_radio \" id=\"junior-resident_15\" name=\"iam\" type=\"radio\"   \/><label for=\"junior-resident_15\" class=\"wppb-rc-value\">Junior Resident \/ R\u00e9sident<\/label><\/li><li><input value=\"Other Health Professions Student\" class=\"custom_field_radio \" id=\"other-health-professions-student_15\" name=\"iam\" type=\"radio\"   \/><label for=\"other-health-professions-student_15\" class=\"wppb-rc-value\">Other Health Professions Student \/ \u00c9tudiant d\u2019une autre profession en sant\u00e9<\/label><\/li><li><input value=\"Undergraduate Student\" class=\"custom_field_radio \" id=\"undergraduate-student_15\" name=\"iam\" type=\"radio\"   \/><label for=\"undergraduate-student_15\" class=\"wppb-rc-value\">Undergraduate Student \/ \u00c9tudiant de premier cycle<\/label><\/li><li><input value=\"Graduate Student\" class=\"custom_field_radio \" id=\"graduate-student_15\" name=\"iam\" type=\"radio\"   \/><label for=\"graduate-student_15\" class=\"wppb-rc-value\">Graduate Student \/ \u00c9tudiant de deuxi\u00e8me cycle<\/label><\/li><li><input value=\"Research Student\" class=\"custom_field_radio \" id=\"research-student_15\" name=\"iam\" type=\"radio\"   \/><label for=\"research-student_15\" class=\"wppb-rc-value\">Research Student \/ \u00c9tudiant en recherche<\/label><\/li><li><input value=\"Other\" class=\"custom_field_radio \" id=\"other_15\" name=\"iam\" type=\"radio\"   \/><label for=\"other_15\" class=\"wppb-rc-value\">Other \/ Autre<\/label><\/li><\/ul><\/li><li class=\"wppb-form-field wppb-input pbpl-class\" id=\"wppb-form-element-16\">\n\t\t\t\t<label for=\"other\">If other \/ Si autre<span class=\"wppb-required\" title=\"This field is required\">*<\/span><\/label>\n\t\t\t\t<input class=\"extra_field_input \" name=\"other\" maxlength=\"250\" type=\"text\" id=\"other\" value=\"\" placeholder = \"If other \/ Si autre*\"\/><\/li><li class=\"wppb-form-field wppb-radio pbpl-class\" id=\"wppb-form-element-17\">\n\t\t\t\t<label for=\"medstudent_yearofstudy\">What is your year of study? \/ En quelle ann\u00e9e es-tu?<\/label><ul class=\"wppb-radios\"><li><input value=\"12\" class=\"custom_field_radio \" id=\"12_17\" name=\"medstudent_yearofstudy\" type=\"radio\"   \/><label for=\"12_17\" class=\"wppb-rc-value\">Pre-clerkship (Year 1 or 2) \/ Pr\u00e9-clinique (Ann\u00e9es 1 et 2)<\/label><\/li><li><input value=\"23\" class=\"custom_field_radio \" id=\"23_17\" name=\"medstudent_yearofstudy\" type=\"radio\"   \/><label for=\"23_17\" class=\"wppb-rc-value\">Clerkship (Year 2 or 3) \/ Clinique (Ann\u00e9es 2 et 3)<\/label><\/li><li><input value=\"34\" class=\"custom_field_radio \" id=\"34_17\" name=\"medstudent_yearofstudy\" type=\"radio\"   \/><label for=\"34_17\" class=\"wppb-rc-value\">Final Year \/ Elective (Year 3 or 4)<\/label><\/li><\/ul><\/li><li class=\"wppb-form-field wppb-input pbpl-class\" id=\"wppb-form-element-18\">\n\t\t\t\t<label for=\"discipline\">Specify your discipline or area of study \/ Pr\u00e9ciser votre discipline ou votre domaine d'\u00e9tudes<span class=\"wppb-required\" title=\"This field is required\">*<\/span><\/label>\n\t\t\t\t<input class=\"extra_field_input \" name=\"discipline\" maxlength=\"250\" type=\"text\" id=\"discipline\" value=\"\" placeholder = \"Specify your discipline or area of study \/ Pr\u00e9ciser votre discipline ou votre domaine d&#039;\u00e9tudes*\"\/><\/li><li class=\"wppb-form-field wppb-checkbox-terms-and-conditions pbpl-class\" id=\"wppb-form-element-21\">\n\t\t\t\t<label for=\"copyright\">\n\t\t\t\t<input value=\"agree\" name=\"copyright\" id=\"copyright\" type=\"checkbox\" class=\"custom_field_toa\"   \/>By joining COSMEC sessions, you will be in an environment where photography, audio and video recording may occur for multiple uses, including and not limited to, future promotion of the course or recordings for educational purposes. By joining these sessions, you consent to such photography, filming, audio and video recording.<span class=\"wppb-required\" title=\"This field is required\">*<\/span><\/label><span class=\"agree_to_terms\">En participant aux sessions COSMEC, vous serez dans un environnement o\u00f9 la photographie, l'enregistrement audio et vid\u00e9o peuvent avoir lieu \u00e0 des fins multiples, y compris, mais sans s'y limiter, la promotion future du cours ou l'enregistrement \u00e0 des fins \u00e9ducatives. En participant \u00e0 ces sessions, vous consentez \u00e0 de telles photographies, films, enregistrements audios et vid\u00e9o. *<\/span><\/li><li class=\"wppb-form-field wppb-checkbox-terms-and-conditions pbpl-class\" id=\"wppb-form-element-20\">\n\t\t\t\t<label for=\"tos\">\n\t\t\t\t<input value=\"agree\" name=\"tos\" id=\"tos\" type=\"checkbox\" class=\"custom_field_toa\"   \/>By submitting this form and registering for COSMEC, I understand that the contents of this course have been developed, and are being provided to me, solely for educational purposes. Course content may not be reproduced, distributed, or published without the prior written permission of the COSMEC planning committee.<span class=\"wppb-required\" title=\"This field is required\">*<\/span><\/label><span class=\"agree_to_terms\">En soumettant ce formulaire et en vous inscrivant \u00e0 COSMEC, je comprends que le contenu de ce cours a \u00e9t\u00e9 d\u00e9velopp\u00e9 et est fourni \u00e0 des fins \u00e9ducatives. Le contenu du cours ne peut \u00eatre reproduit, distribu\u00e9 ou publi\u00e9 sans la permission \u00e9crite pr\u00e9alable du comit\u00e9 de planification de COSMEC. *<\/span><\/li><li class=\"wppb-form-field wppb-recaptcha pbpl-class wppb-recaptcha-v2\" id=\"wppb-form-element-22\"><label for=\"recaptcha_response_field\"><span class=\"wppb-required\" title=\"This field is required\">*<\/span><\/label><div id=\"wppb-recaptcha-element-pb_register1\" class=\"wppb-recaptcha-element \"><\/div><\/li><\/ul><ul><input id=\"send_credentials_via_email\" type=\"hidden\" name=\"send_credentials_via_email\" value=\"sending\"\/><\/ul><\/ul>\t\t\t<p class=\"form-submit\"  >\n\t\t\t\t                \t\t\t\t<input name=\"register\" type=\"submit\" id=\"register\" class=\"submit button\" value=\"Register \/ S\u2019inscrire\" \/>\n                <input name=\"redirect_to\" type=\"hidden\" value=\"\" \/>\n                \t\t\t\t<input name=\"action\" type=\"hidden\" id=\"action\" value=\"register\" \/>\n\t\t\t\t<input name=\"form_name\" type=\"hidden\" id=\"form_name\" value=\"unspecified\" \/>\n\t\t\t\t<input name=\"form_id\" type=\"hidden\" id=\"form_id\" value=\"\" \/>\n\t\t\t\t<input type=\"hidden\" name=\"wppb_referer_url\" value=\"\"\/>\t\t\t<\/p><!-- .form-submit -->\n\t\t\t<input type=\"hidden\" id=\"register_unspecified_nonce_field\" name=\"register_unspecified_nonce_field\" value=\"f11373a86c\" \/><input type=\"hidden\" name=\"_wp_http_referer\" value=\"\/cosmec\/wp-json\/wp\/v2\/pages\/14\" \/>\t\t<\/form>\n\t\t<\/p>\n<\/div>\n<\/div>\n","protected":false},"excerpt":{"rendered":"<p>The &#8220;Canadian Orthopaedic Surgery Medical Education Course&#8221; (COSMEC) is a virtual course that aims to enhance the education of medical and health professions trainees about common orthopaedic issues encountered in clinical settings. COSMEC is set to launch in January 2026 and will run until April 2026.\u00a0Session specific dates will be announced in the coming months. [&hellip;]<\/p>\n","protected":false},"author":1,"featured_media":0,"parent":0,"menu_order":0,"comment_status":"closed","ping_status":"closed","template":"","meta":{"_acf_changed":false,"footnotes":""},"class_list":["post-14","page","type-page","status-publish","hentry"],"acf":[],"_links":{"self":[{"href":"https:\/\/uoftorthopaedics.ca\/cosmec\/wp-json\/wp\/v2\/pages\/14","targetHints":{"allow":["GET"]}}],"collection":[{"href":"https:\/\/uoftorthopaedics.ca\/cosmec\/wp-json\/wp\/v2\/pages"}],"about":[{"href":"https:\/\/uoftorthopaedics.ca\/cosmec\/wp-json\/wp\/v2\/types\/page"}],"author":[{"embeddable":true,"href":"https:\/\/uoftorthopaedics.ca\/cosmec\/wp-json\/wp\/v2\/users\/1"}],"replies":[{"embeddable":true,"href":"https:\/\/uoftorthopaedics.ca\/cosmec\/wp-json\/wp\/v2\/comments?post=14"}],"version-history":[{"count":21,"href":"https:\/\/uoftorthopaedics.ca\/cosmec\/wp-json\/wp\/v2\/pages\/14\/revisions"}],"predecessor-version":[{"id":1095,"href":"https:\/\/uoftorthopaedics.ca\/cosmec\/wp-json\/wp\/v2\/pages\/14\/revisions\/1095"}],"wp:attachment":[{"href":"https:\/\/uoftorthopaedics.ca\/cosmec\/wp-json\/wp\/v2\/media?parent=14"}],"curies":[{"name":"wp","href":"https:\/\/api.w.org\/{rel}","templated":true}]}}